{"id":26140,"date":"2025-01-20T13:00:23","date_gmt":"2025-01-20T13:00:23","guid":{"rendered":"https:\/\/punamusta.com\/?page_id=26140"},"modified":"2025-01-20T14:20:05","modified_gmt":"2025-01-20T14:20:05","slug":"guidelines-for-print-files","status":"publish","type":"page","link":"https:\/\/punamusta.com\/en\/guidelines-for-print-files\/","title":{"rendered":"Guidelines for print files"},"content":{"rendered":"\t\t<div data-elementor-type=\"wp-page\" data-elementor-id=\"26140\" class=\"elementor elementor-26140\" data-elementor-post-type=\"page\">\n\t\t\t\t\t\t<section class=\"elementor-section elementor-top-section elementor-element elementor-element-2d7a6b3 elementor-section-full_width elementor-section-items-bottom elementor-section-height-min-height elementor-section-height-default\" data-id=\"2d7a6b3\" data-element_type=\"section\" data-e-type=\"section\" data-settings=\"{&quot;background_background&quot;:&quot;classic&quot;,&quot;ekit_has_onepagescroll_dot&quot;:&quot;yes&quot;}\">\n\t\t\t\t\t\t\t<div class=\"elementor-background-overlay\"><\/div>\n\t\t\t\t\t\t\t<div class=\"elementor-container elementor-column-gap-no\">\n\t\t\t\t\t<div class=\"elementor-column elementor-col-100 elementor-top-column elementor-element elementor-element-83fb794\" data-id=\"83fb794\" data-element_type=\"column\" data-e-type=\"column\" data-settings=\"{&quot;background_background&quot;:&quot;classic&quot;}\">\n\t\t\t<div class=\"elementor-widget-wrap elementor-element-populated\">\n\t\t\t\t\t\t<div class=\"elementor-element elementor-element-a298041 muru elementor-widget elementor-widget-wp-widget-bcn_widget\" data-id=\"a298041\" data-element_type=\"widget\" data-e-type=\"widget\" data-settings=\"{&quot;ekit_we_effect_on&quot;:&quot;none&quot;}\" data-widget_type=\"wp-widget-bcn_widget.default\">\n\t\t\t\t<div class=\"elementor-widget-container\">\n\t\t\t\t\t<div class=\"breadcrumbs\" vocab=\"https:\/\/schema.org\/\" typeof=\"BreadcrumbList\"><span property=\"itemListElement\" typeof=\"ListItem\"><a property=\"item\" typeof=\"WebPage\" title=\"Go to PunaMusta.\" href=\"https:\/\/punamusta.com\/en\/\" class=\"home\" aria-current=\"page\"><span property=\"name\">PunaMusta<\/span><\/a><meta property=\"position\" content=\"1\"><\/span><\/div>\t\t\t\t<\/div>\n\t\t\t\t<\/div>\n\t\t\t\t<div class=\"elementor-element elementor-element-cc0714a ote elementor-widget elementor-widget-text-editor\" data-id=\"cc0714a\" data-element_type=\"widget\" data-e-type=\"widget\" data-settings=\"{&quot;ekit_we_effect_on&quot;:&quot;none&quot;}\" data-widget_type=\"text-editor.default\">\n\t\t\t\t<div class=\"elementor-widget-container\">\n\t\t\t\t\t\t\t\t\t<p>To ensure your finished print product is as brilliant as your vision, please follow the provided guidelines carefully. Don\u2019t hesitate to reach out if you have any questions &#8211; our experts are happy to assist you.<\/p>\t\t\t\t\t\t\t\t<\/div>\n\t\t\t\t<\/div>\n\t\t\t\t\t<\/div>\n\t\t<\/div>\n\t\t\t\t\t<\/div>\n\t\t<\/section>\n\t\t\t\t<section class=\"elementor-section elementor-top-section elementor-element elementor-element-1f8a270 elementor-section-boxed elementor-section-height-default elementor-section-height-default\" data-id=\"1f8a270\" data-element_type=\"section\" data-e-type=\"section\" data-settings=\"{&quot;background_background&quot;:&quot;classic&quot;,&quot;ekit_has_onepagescroll_dot&quot;:&quot;yes&quot;}\">\n\t\t\t\t\t\t<div class=\"elementor-container elementor-column-gap-no\">\n\t\t\t\t\t<div class=\"elementor-column elementor-col-100 elementor-top-column elementor-element elementor-element-33e2ed3\" data-id=\"33e2ed3\" data-element_type=\"column\" data-e-type=\"column\">\n\t\t\t<div class=\"elementor-widget-wrap elementor-element-populated\">\n\t\t\t\t\t\t<div class=\"elementor-element elementor-element-b855232 sisalto elementor-widget elementor-widget-text-editor\" data-id=\"b855232\" data-element_type=\"widget\" data-e-type=\"widget\" data-settings=\"{&quot;ekit_we_effect_on&quot;:&quot;none&quot;}\" data-widget_type=\"text-editor.default\">\n\t\t\t\t<div class=\"elementor-widget-container\">\n\t\t\t\t\t\t\t\t\t<h2>Guidelines for creating quality print files<\/h2><p>The file preferred file type is PDF. If you use Adobe InDesign we recommend using the Export command. Print files made from Microsoft Office programs are not viable as is. Fixing other than PDF files is charged separately.<\/p><p>You can download the JobOptions file here:<br \/><a href=\"https:\/\/punamusta.com\/wp-content\/uploads\/2023\/02\/PuMu_JobOptions_1.6C-ja-ohje-080120-1.zip\">PunaMusta PDF Settings v1.6 C<\/a><\/p><h4><span style=\"background-color: var( --e-global-color-5362b81 ); font-size: 16px; letter-spacing: 1.8px; text-transform: uppercase;\"><b>Print file(s) delivery<\/b><\/span><\/h4><p>Deliver you print file(s) via the <a href=\"https:\/\/transfer.punamusta.com\/en\" target=\"_blank\" rel=\"noopener\">Transfer file-form<\/a> or by <a href=\"ftp:\/\/ftp.punamusta.com\/\" target=\"_blank\" rel=\"noopener\">FTP<\/a>. Credentials for the FTP are provided by your contact person. If you have any questions regarding to file transfer(s) don&#8217;t hesitate to contact us:<br \/>Prepress, tel. <a href=\"tel:+358447706940\">+358 44 770 6940<\/a> or <a href=\"mailto:aineisto.rasulankatu@punamusta.com\">aineisto.rasulankatu@punamusta.com<\/a><\/p><h4>Colors and profiles<\/h4><p>We recommend using the <a href=\"https:\/\/punamusta.com\/wp-content\/uploads\/2023\/02\/PuMu_JobOptions_1.6C-ja-ohje-080120-1.zip\">PuMu_JobOptions_1.6(C)<\/a> and retain the images in the RGB color space (Adobe RGB). In CMYK jobs the RGB elements are converted to the profile matching the print material. This is why it&#8217;s important to include the correct profile for the print material in the PDF.<\/p><p>Profile for the Coated papers <a href=\"https:\/\/punamusta.com\/wp-content\/uploads\/2023\/02\/PSOcoated_v3.icc_-1.zip\">PSOcoated_v3.icc<\/a><br \/>Profile for the UnCoted papers <a href=\"https:\/\/punamusta.com\/wp-content\/uploads\/2023\/02\/PSOuncoated_v3_FOGRA52.icc_-1.zip\">PSOuncoated_v3_FOGRA52.icc<\/a><\/p><p>Please note that the body text of the print job should be 100% black. <strong>Don&#8217;t use four color black;<\/strong> our workflow forces 100% black to overprint and white to knockout. Please use 99% black if you want the color black to knockout.<\/p><h4>Color Management<\/h4><p>The ISO 12647-2 (2013) standard is used in the PunaMusta production. ICC profiles for print files and proofing can be downloaded here: <a href=\"https:\/\/punamusta.com\/wp-content\/uploads\/2023\/02\/Punamusta-icc-profiilitV3.zip\">PunaMusta ICC Profiles<\/a><\/p><p>Copy the ICC profiles to the folder:<br \/><strong>Mac:<\/strong> Macintosh HD \u2013 Library \u2013 ColorSync \u2013 Profiles<br \/><strong>PC:<\/strong> Drive (C) \u2013 Windows \u2013 System32 \u2013 spool \u2013 drivers \u2013 color<\/p><h4>Product size and placement<\/h4><p>The final size of the publication must be as in the layout. Create the multi-page publications using facing pages. The final PDF should be exported as single pages, not spreads. Don&#8217;t leave unnecessary empty pages in the final PDF.<\/p><h4>Bleeds<\/h4><p>If the printed image or color tone is on the edge of the page one should define the bleeds which go over the page, recommended 3-5 mm on all sides. The creator of the print file is responsible.<\/p><h4>Images<\/h4><p>To ensure quality the resolution of the images should be 300 dpi.<\/p><p>Always check the resolution of the images before placing them into the publication. Images meant for the internet are usually 72 dpi which is insufficient for high quality printing. The preferred resolution is 300 dpi, under that the images may seem blurry.<\/p><h4>Fonts<\/h4><p>In the layout we recommend using OpenType and Postscript fonts which should be included in the PDF file and converted to paths in the attached graphics.<\/p><h4>Naming of the PDF<\/h4><p>Please don&#8217;t use any special characters, a descriptive name is preferred (Brochure.pdf, Flyer_A6.pdf)<\/p>\t\t\t\t\t\t\t\t<\/div>\n\t\t\t\t<\/div>\n\t\t\t\t\t<\/div>\n\t\t<\/div>\n\t\t\t\t\t<\/div>\n\t\t<\/section>\n\t\t\t\t<section class=\"elementor-section elementor-top-section elementor-element elementor-element-ec08027 elementor-section-boxed elementor-section-height-default elementor-section-height-default\" data-id=\"ec08027\" data-element_type=\"section\" data-e-type=\"section\" data-settings=\"{&quot;background_background&quot;:&quot;classic&quot;,&quot;ekit_has_onepagescroll_dot&quot;:&quot;yes&quot;}\">\n\t\t\t\t\t\t<div class=\"elementor-container elementor-column-gap-no\">\n\t\t\t\t\t<div class=\"elementor-column elementor-col-100 elementor-top-column elementor-element elementor-element-03de29f\" data-id=\"03de29f\" data-element_type=\"column\" data-e-type=\"column\">\n\t\t\t<div class=\"elementor-widget-wrap elementor-element-populated\">\n\t\t\t\t\t\t<div class=\"elementor-element elementor-element-728af33 sisalto elementor-widget elementor-widget-text-editor\" data-id=\"728af33\" data-element_type=\"widget\" data-e-type=\"widget\" data-settings=\"{&quot;ekit_we_effect_on&quot;:&quot;none&quot;}\" data-widget_type=\"text-editor.default\">\n\t\t\t\t<div class=\"elementor-widget-container\">\n\t\t\t\t\t\t\t\t\t<h2 style=\"text-align: center;\"><span style=\"background-color: var( --e-global-color-5362b81 );\">Guides<\/span><\/h2><p style=\"text-align: center;\"><span style=\"background-color: var( --e-global-color-5362b81 ); font-size: 0.9em; font-weight: 200;\"> Check out more detailed product-specific material instructions. By following instructions, you ensure the perfect realization of your vision.<\/span><\/p>\t\t\t\t\t\t\t\t<\/div>\n\t\t\t\t<\/div>\n\t\t\t\t<section class=\"elementor-section elementor-inner-section elementor-element elementor-element-4884f27 elementor-section-content-top elementor-section-boxed elementor-section-height-default elementor-section-height-default\" data-id=\"4884f27\" data-element_type=\"section\" data-e-type=\"section\" data-settings=\"{&quot;ekit_has_onepagescroll_dot&quot;:&quot;yes&quot;}\">\n\t\t\t\t\t\t<div class=\"elementor-container elementor-column-gap-no\">\n\t\t\t\t\t<div class=\"elementor-column elementor-col-50 elementor-inner-column elementor-element elementor-element-1c2f2a4\" data-id=\"1c2f2a4\" data-element_type=\"column\" data-e-type=\"column\">\n\t\t\t<div class=\"elementor-widget-wrap elementor-element-populated\">\n\t\t\t\t\t\t<div class=\"elementor-element elementor-element-6e656a7 elementor-cta--valign-top elementor-cta--layout-image-left cta-area1 elementor-cta--skin-classic elementor-animated-content elementor-bg-transform elementor-bg-transform-zoom-in elementor-widget elementor-widget-call-to-action\" data-id=\"6e656a7\" data-element_type=\"widget\" data-e-type=\"widget\" data-settings=\"{&quot;ekit_we_effect_on&quot;:&quot;none&quot;}\" data-widget_type=\"call-to-action.default\">\n\t\t\t\t<div class=\"elementor-widget-container\">\n\t\t\t\t\t\t\t<a class=\"elementor-cta\" href=\"https:\/\/punamusta.com\/en\/instructions-for-heatset-production\/\">\n\t\t\t\t\t\t\t<div class=\"elementor-cta__content\">\n\t\t\t\t\n\t\t\t\t\t\t\t\t\t<h3 class=\"elementor-cta__title elementor-cta__content-item elementor-content-item\">\n\t\t\t\t\t\tInstructions for heatset production\t\t\t\t\t<\/h3>\n\t\t\t\t\n\t\t\t\t\t\t\t\t\t<div class=\"elementor-cta__description elementor-cta__content-item elementor-content-item\">\n\t\t\t\t\t\tFind material and delivery instructions for heatset and sheet printing.\t\t\t\t\t<\/div>\n\t\t\t\t\n\t\t\t\t\t\t\t\t\t<div class=\"elementor-cta__button-wrapper elementor-cta__content-item elementor-content-item \">\n\t\t\t\t\t<span class=\"elementor-cta__button elementor-button elementor-size-md\">\n\t\t\t\t\t\tRead more\t\t\t\t\t<\/span>\n\t\t\t\t\t<\/div>\n\t\t\t\t\t\t\t<\/div>\n\t\t\t\t\t\t<\/a>\n\t\t\t\t\t\t<\/div>\n\t\t\t\t<\/div>\n\t\t\t\t\t<\/div>\n\t\t<\/div>\n\t\t\t\t<div class=\"elementor-column elementor-col-50 elementor-inner-column elementor-element elementor-element-bd82bb9\" data-id=\"bd82bb9\" data-element_type=\"column\" data-e-type=\"column\">\n\t\t\t<div class=\"elementor-widget-wrap elementor-element-populated\">\n\t\t\t\t\t\t<div class=\"elementor-element elementor-element-e775f86 elementor-cta--valign-top elementor-cta--layout-image-left cta-area1 elementor-cta--skin-classic elementor-animated-content elementor-bg-transform elementor-bg-transform-zoom-in elementor-widget elementor-widget-call-to-action\" data-id=\"e775f86\" data-element_type=\"widget\" data-e-type=\"widget\" data-settings=\"{&quot;ekit_we_effect_on&quot;:&quot;none&quot;}\" data-widget_type=\"call-to-action.default\">\n\t\t\t\t<div class=\"elementor-widget-container\">\n\t\t\t\t\t\t\t<a class=\"elementor-cta\" href=\"https:\/\/punamusta.com\/en\/inserts-in-heatset-production\/\">\n\t\t\t\t\t\t\t<div class=\"elementor-cta__content\">\n\t\t\t\t\n\t\t\t\t\t\t\t\t\t<h3 class=\"elementor-cta__title elementor-cta__content-item elementor-content-item\">\n\t\t\t\t\t\tInserts in heatset printing\t\t\t\t\t<\/h3>\n\t\t\t\t\n\t\t\t\t\t\t\t\t\t<div class=\"elementor-cta__description elementor-cta__content-item elementor-content-item\">\n\t\t\t\t\t\tFind instructions for inserts in heatset printing.\t\t\t\t\t<\/div>\n\t\t\t\t\n\t\t\t\t\t\t\t\t\t<div class=\"elementor-cta__button-wrapper elementor-cta__content-item elementor-content-item \">\n\t\t\t\t\t<span class=\"elementor-cta__button elementor-button elementor-size-md\">\n\t\t\t\t\t\tRead more\t\t\t\t\t<\/span>\n\t\t\t\t\t<\/div>\n\t\t\t\t\t\t\t<\/div>\n\t\t\t\t\t\t<\/a>\n\t\t\t\t\t\t<\/div>\n\t\t\t\t<\/div>\n\t\t\t\t\t<\/div>\n\t\t<\/div>\n\t\t\t\t\t<\/div>\n\t\t<\/section>\n\t\t\t\t<section class=\"elementor-section elementor-inner-section elementor-element elementor-element-7e517e4 elementor-section-boxed elementor-section-height-default elementor-section-height-default\" data-id=\"7e517e4\" data-element_type=\"section\" data-e-type=\"section\" data-settings=\"{&quot;ekit_has_onepagescroll_dot&quot;:&quot;yes&quot;}\">\n\t\t\t\t\t\t<div class=\"elementor-container elementor-column-gap-no\">\n\t\t\t\t\t<div class=\"elementor-column elementor-col-50 elementor-inner-column elementor-element elementor-element-c94a1ea\" data-id=\"c94a1ea\" data-element_type=\"column\" data-e-type=\"column\">\n\t\t\t<div class=\"elementor-widget-wrap elementor-element-populated\">\n\t\t\t\t\t\t<div class=\"elementor-element elementor-element-4586a9e elementor-cta--valign-top elementor-cta--layout-image-left cta-area1 elementor-cta--skin-classic elementor-animated-content elementor-bg-transform elementor-bg-transform-zoom-in elementor-widget elementor-widget-call-to-action\" data-id=\"4586a9e\" data-element_type=\"widget\" data-e-type=\"widget\" data-settings=\"{&quot;ekit_we_effect_on&quot;:&quot;none&quot;}\" data-widget_type=\"call-to-action.default\">\n\t\t\t\t<div class=\"elementor-widget-container\">\n\t\t\t\t\t\t\t<a class=\"elementor-cta\" href=\"https:\/\/punamusta.com\/en\/punamustas-inkjet-instructions-for-heatset-printing\/\">\n\t\t\t\t\t\t\t<div class=\"elementor-cta__content\">\n\t\t\t\t\n\t\t\t\t\t\t\t\t\t<h3 class=\"elementor-cta__title elementor-cta__content-item elementor-content-item\">\n\t\t\t\t\t\tPunaMusta\u2019s inkjet instructions for heatset printing\t\t\t\t\t<\/h3>\n\t\t\t\t\n\t\t\t\t\t\t\t\t\t<div class=\"elementor-cta__description elementor-cta__content-item elementor-content-item\">\n\t\t\t\t\t\tFind inkjet instructions for heatset printing.\t\t\t\t\t<\/div>\n\t\t\t\t\n\t\t\t\t\t\t\t\t\t<div class=\"elementor-cta__button-wrapper elementor-cta__content-item elementor-content-item \">\n\t\t\t\t\t<span class=\"elementor-cta__button elementor-button elementor-size-md\">\n\t\t\t\t\t\tRead more\t\t\t\t\t<\/span>\n\t\t\t\t\t<\/div>\n\t\t\t\t\t\t\t<\/div>\n\t\t\t\t\t\t<\/a>\n\t\t\t\t\t\t<\/div>\n\t\t\t\t<\/div>\n\t\t\t\t\t<\/div>\n\t\t<\/div>\n\t\t\t\t<div class=\"elementor-column elementor-col-50 elementor-inner-column elementor-element elementor-element-8b07ae0\" data-id=\"8b07ae0\" data-element_type=\"column\" data-e-type=\"column\">\n\t\t\t<div class=\"elementor-widget-wrap\">\n\t\t\t\t\t\t\t<\/div>\n\t\t<\/div>\n\t\t\t\t\t<\/div>\n\t\t<\/section>\n\t\t\t\t\t<\/div>\n\t\t<\/div>\n\t\t\t\t\t<\/div>\n\t\t<\/section>\n\t\t\t\t<\/div>\n\t\t","protected":false},"excerpt":{"rendered":"<p>To ensure your finished print product is as brilliant as your vision, please follow the provided guidelines carefully. Don\u2019t hesitate to reach out if you have any questions &#8211; our experts are happy to assist you. Guidelines for creating quality print files The file preferred file type is PDF. If you use Adobe InDesign we [&hellip;]<\/p>\n","protected":false},"author":6,"featured_media":19066,"parent":0,"menu_order":0,"comment_status":"closed","ping_status":"closed","template":"","meta":{"_acf_changed":false,"_genesis_hide_title":false,"_genesis_hide_breadcrumbs":false,"_genesis_hide_singular_image":false,"_genesis_hide_footer_widgets":false,"_genesis_custom_body_class":"","_genesis_custom_post_class":"","_genesis_layout":"","footnotes":""},"categories":[],"tags":[],"class_list":{"0":"post-26140","1":"page","2":"type-page","3":"status-publish","4":"has-post-thumbnail","6":"entry"},"acf":[],"yoast_head":"<!-- This site is optimized with the Yoast SEO plugin v27.3 - https:\/\/yoast.com\/product\/yoast-seo-wordpress\/ -->\n<title>Guidelines for print files - PunaMusta<\/title>\n<meta name=\"robots\" content=\"index, follow, max-snippet:-1, max-image-preview:large, max-video-preview:-1\" \/>\n<link rel=\"canonical\" href=\"https:\/\/punamusta.com\/en\/guidelines-for-print-files\/\" \/>\n<meta property=\"og:locale\" content=\"en_US\" \/>\n<meta property=\"og:type\" content=\"article\" \/>\n<meta property=\"og:title\" content=\"Guidelines for print files - PunaMusta\" \/>\n<meta property=\"og:description\" content=\"To ensure your finished print product is as brilliant as your vision, please follow the provided guidelines carefully. Don\u2019t hesitate to reach out if you have any questions &#8211; our experts are happy to assist you. Guidelines for creating quality print files The file preferred file type is PDF. If you use Adobe InDesign we [&hellip;]\" \/>\n<meta property=\"og:url\" content=\"https:\/\/punamusta.com\/en\/guidelines-for-print-files\/\" \/>\n<meta property=\"og:site_name\" content=\"PunaMusta\" \/>\n<meta property=\"article:modified_time\" content=\"2025-01-20T14:20:05+00:00\" \/>\n<meta property=\"og:image\" content=\"https:\/\/punamusta.com\/wp-content\/uploads\/2023\/02\/aineisto-ohje_painotuote.jpg\" \/>\n\t<meta property=\"og:image:width\" content=\"1500\" \/>\n\t<meta property=\"og:image:height\" content=\"1000\" \/>\n\t<meta property=\"og:image:type\" content=\"image\/jpeg\" \/>\n<meta name=\"twitter:card\" content=\"summary_large_image\" \/>\n<meta name=\"twitter:label1\" content=\"Est. reading time\" \/>\n\t<meta name=\"twitter:data1\" content=\"3 minutes\" \/>\n<script type=\"application\/ld+json\" class=\"yoast-schema-graph\">{\"@context\":\"https:\\\/\\\/schema.org\",\"@graph\":[{\"@type\":\"WebPage\",\"@id\":\"https:\\\/\\\/punamusta.com\\\/en\\\/guidelines-for-print-files\\\/\",\"url\":\"https:\\\/\\\/punamusta.com\\\/en\\\/guidelines-for-print-files\\\/\",\"name\":\"Guidelines for print files - PunaMusta\",\"isPartOf\":{\"@id\":\"https:\\\/\\\/punamusta.com\\\/#website\"},\"primaryImageOfPage\":{\"@id\":\"https:\\\/\\\/punamusta.com\\\/en\\\/guidelines-for-print-files\\\/#primaryimage\"},\"image\":{\"@id\":\"https:\\\/\\\/punamusta.com\\\/en\\\/guidelines-for-print-files\\\/#primaryimage\"},\"thumbnailUrl\":\"https:\\\/\\\/punamusta.com\\\/wp-content\\\/uploads\\\/2023\\\/02\\\/aineisto-ohje_painotuote.jpg\",\"datePublished\":\"2025-01-20T13:00:23+00:00\",\"dateModified\":\"2025-01-20T14:20:05+00:00\",\"breadcrumb\":{\"@id\":\"https:\\\/\\\/punamusta.com\\\/en\\\/guidelines-for-print-files\\\/#breadcrumb\"},\"inLanguage\":\"en-US\",\"potentialAction\":[{\"@type\":\"ReadAction\",\"target\":[\"https:\\\/\\\/punamusta.com\\\/en\\\/guidelines-for-print-files\\\/\"]}]},{\"@type\":\"ImageObject\",\"inLanguage\":\"en-US\",\"@id\":\"https:\\\/\\\/punamusta.com\\\/en\\\/guidelines-for-print-files\\\/#primaryimage\",\"url\":\"https:\\\/\\\/punamusta.com\\\/wp-content\\\/uploads\\\/2023\\\/02\\\/aineisto-ohje_painotuote.jpg\",\"contentUrl\":\"https:\\\/\\\/punamusta.com\\\/wp-content\\\/uploads\\\/2023\\\/02\\\/aineisto-ohje_painotuote.jpg\",\"width\":1500,\"height\":1000,\"caption\":\"Esitteit\u00e4 p\u00f6yd\u00e4ll\u00e4\"},{\"@type\":\"BreadcrumbList\",\"@id\":\"https:\\\/\\\/punamusta.com\\\/en\\\/guidelines-for-print-files\\\/#breadcrumb\",\"itemListElement\":[{\"@type\":\"ListItem\",\"position\":1,\"name\":\"Home\",\"item\":\"https:\\\/\\\/punamusta.com\\\/\"},{\"@type\":\"ListItem\",\"position\":2,\"name\":\"Guidelines for print files\"}]},{\"@type\":\"WebSite\",\"@id\":\"https:\\\/\\\/punamusta.com\\\/#website\",\"url\":\"https:\\\/\\\/punamusta.com\\\/\",\"name\":\"PunaMusta\",\"description\":\"Yritysn\u00e4kyvyytesi vastuullinen kumppani\",\"publisher\":{\"@id\":\"https:\\\/\\\/punamusta.com\\\/#organization\"},\"potentialAction\":[{\"@type\":\"SearchAction\",\"target\":{\"@type\":\"EntryPoint\",\"urlTemplate\":\"https:\\\/\\\/punamusta.com\\\/?s={search_term_string}\"},\"query-input\":{\"@type\":\"PropertyValueSpecification\",\"valueRequired\":true,\"valueName\":\"search_term_string\"}}],\"inLanguage\":\"en-US\"},{\"@type\":\"Organization\",\"@id\":\"https:\\\/\\\/punamusta.com\\\/#organization\",\"name\":\"PunaMusta\",\"url\":\"https:\\\/\\\/punamusta.com\\\/\",\"logo\":{\"@type\":\"ImageObject\",\"inLanguage\":\"en-US\",\"@id\":\"https:\\\/\\\/punamusta.com\\\/#\\\/schema\\\/logo\\\/image\\\/\",\"url\":\"https:\\\/\\\/punamusta.com\\\/wp-content\\\/uploads\\\/2021\\\/10\\\/PunaMusta_logo_vari_RGB.png\",\"contentUrl\":\"https:\\\/\\\/punamusta.com\\\/wp-content\\\/uploads\\\/2021\\\/10\\\/PunaMusta_logo_vari_RGB.png\",\"width\":500,\"height\":113,\"caption\":\"PunaMusta\"},\"image\":{\"@id\":\"https:\\\/\\\/punamusta.com\\\/#\\\/schema\\\/logo\\\/image\\\/\"}}]}<\/script>\n<!-- \/ Yoast SEO plugin. -->","yoast_head_json":{"title":"Guidelines for print files - PunaMusta","robots":{"index":"index","follow":"follow","max-snippet":"max-snippet:-1","max-image-preview":"max-image-preview:large","max-video-preview":"max-video-preview:-1"},"canonical":"https:\/\/punamusta.com\/en\/guidelines-for-print-files\/","og_locale":"en_US","og_type":"article","og_title":"Guidelines for print files - PunaMusta","og_description":"To ensure your finished print product is as brilliant as your vision, please follow the provided guidelines carefully. Don\u2019t hesitate to reach out if you have any questions &#8211; our experts are happy to assist you. Guidelines for creating quality print files The file preferred file type is PDF. If you use Adobe InDesign we [&hellip;]","og_url":"https:\/\/punamusta.com\/en\/guidelines-for-print-files\/","og_site_name":"PunaMusta","article_modified_time":"2025-01-20T14:20:05+00:00","og_image":[{"width":1500,"height":1000,"url":"https:\/\/punamusta.com\/wp-content\/uploads\/2023\/02\/aineisto-ohje_painotuote.jpg","type":"image\/jpeg"}],"twitter_card":"summary_large_image","twitter_misc":{"Est. reading time":"3 minutes"},"schema":{"@context":"https:\/\/schema.org","@graph":[{"@type":"WebPage","@id":"https:\/\/punamusta.com\/en\/guidelines-for-print-files\/","url":"https:\/\/punamusta.com\/en\/guidelines-for-print-files\/","name":"Guidelines for print files - PunaMusta","isPartOf":{"@id":"https:\/\/punamusta.com\/#website"},"primaryImageOfPage":{"@id":"https:\/\/punamusta.com\/en\/guidelines-for-print-files\/#primaryimage"},"image":{"@id":"https:\/\/punamusta.com\/en\/guidelines-for-print-files\/#primaryimage"},"thumbnailUrl":"https:\/\/punamusta.com\/wp-content\/uploads\/2023\/02\/aineisto-ohje_painotuote.jpg","datePublished":"2025-01-20T13:00:23+00:00","dateModified":"2025-01-20T14:20:05+00:00","breadcrumb":{"@id":"https:\/\/punamusta.com\/en\/guidelines-for-print-files\/#breadcrumb"},"inLanguage":"en-US","potentialAction":[{"@type":"ReadAction","target":["https:\/\/punamusta.com\/en\/guidelines-for-print-files\/"]}]},{"@type":"ImageObject","inLanguage":"en-US","@id":"https:\/\/punamusta.com\/en\/guidelines-for-print-files\/#primaryimage","url":"https:\/\/punamusta.com\/wp-content\/uploads\/2023\/02\/aineisto-ohje_painotuote.jpg","contentUrl":"https:\/\/punamusta.com\/wp-content\/uploads\/2023\/02\/aineisto-ohje_painotuote.jpg","width":1500,"height":1000,"caption":"Esitteit\u00e4 p\u00f6yd\u00e4ll\u00e4"},{"@type":"BreadcrumbList","@id":"https:\/\/punamusta.com\/en\/guidelines-for-print-files\/#breadcrumb","itemListElement":[{"@type":"ListItem","position":1,"name":"Home","item":"https:\/\/punamusta.com\/"},{"@type":"ListItem","position":2,"name":"Guidelines for print files"}]},{"@type":"WebSite","@id":"https:\/\/punamusta.com\/#website","url":"https:\/\/punamusta.com\/","name":"PunaMusta","description":"Yritysn\u00e4kyvyytesi vastuullinen kumppani","publisher":{"@id":"https:\/\/punamusta.com\/#organization"},"potentialAction":[{"@type":"SearchAction","target":{"@type":"EntryPoint","urlTemplate":"https:\/\/punamusta.com\/?s={search_term_string}"},"query-input":{"@type":"PropertyValueSpecification","valueRequired":true,"valueName":"search_term_string"}}],"inLanguage":"en-US"},{"@type":"Organization","@id":"https:\/\/punamusta.com\/#organization","name":"PunaMusta","url":"https:\/\/punamusta.com\/","logo":{"@type":"ImageObject","inLanguage":"en-US","@id":"https:\/\/punamusta.com\/#\/schema\/logo\/image\/","url":"https:\/\/punamusta.com\/wp-content\/uploads\/2021\/10\/PunaMusta_logo_vari_RGB.png","contentUrl":"https:\/\/punamusta.com\/wp-content\/uploads\/2021\/10\/PunaMusta_logo_vari_RGB.png","width":500,"height":113,"caption":"PunaMusta"},"image":{"@id":"https:\/\/punamusta.com\/#\/schema\/logo\/image\/"}}]}},"_links":{"self":[{"href":"https:\/\/punamusta.com\/en\/wp-json\/wp\/v2\/pages\/26140","targetHints":{"allow":["GET"]}}],"collection":[{"href":"https:\/\/punamusta.com\/en\/wp-json\/wp\/v2\/pages"}],"about":[{"href":"https:\/\/punamusta.com\/en\/wp-json\/wp\/v2\/types\/page"}],"author":[{"embeddable":true,"href":"https:\/\/punamusta.com\/en\/wp-json\/wp\/v2\/users\/6"}],"replies":[{"embeddable":true,"href":"https:\/\/punamusta.com\/en\/wp-json\/wp\/v2\/comments?post=26140"}],"version-history":[{"count":23,"href":"https:\/\/punamusta.com\/en\/wp-json\/wp\/v2\/pages\/26140\/revisions"}],"predecessor-version":[{"id":26211,"href":"https:\/\/punamusta.com\/en\/wp-json\/wp\/v2\/pages\/26140\/revisions\/26211"}],"wp:featuredmedia":[{"embeddable":true,"href":"https:\/\/punamusta.com\/en\/wp-json\/wp\/v2\/media\/19066"}],"wp:attachment":[{"href":"https:\/\/punamusta.com\/en\/wp-json\/wp\/v2\/media?parent=26140"}],"wp:term":[{"taxonomy":"category","embeddable":true,"href":"https:\/\/punamusta.com\/en\/wp-json\/wp\/v2\/categories?post=26140"},{"taxonomy":"post_tag","embeddable":true,"href":"https:\/\/punamusta.com\/en\/wp-json\/wp\/v2\/tags?post=26140"}],"curies":[{"name":"wp","href":"https:\/\/api.w.org\/{rel}","templated":true}]}}